{"id":291,"date":"2024-06-12T16:16:48","date_gmt":"2024-06-12T16:16:48","guid":{"rendered":"https:\/\/interaktivniaplikace.zcu.cz\/?page_id=291"},"modified":"2024-06-16T15:30:44","modified_gmt":"2024-06-16T15:30:44","slug":"pc-building-simulator","status":"publish","type":"page","link":"https:\/\/interaktivniaplikace.zcu.cz\/index.php\/digitalni-technologie\/pc-building-simulator\/","title":{"rendered":"PC Building Simulator"},"content":{"rendered":"\t\t<div data-elementor-type=\"wp-page\" data-elementor-id=\"291\" class=\"elementor elementor-291\">\n\t\t\t\t\t\t\t<div class=\"elementor-element elementor-element-3355bdb e-flex e-con-boxed e-con e-parent\" data-id=\"3355bdb\" data-element_type=\"container\" data-settings=\"{&quot;content_width&quot;:&quot;boxed&quot;}\" data-core-v316-plus=\"true\">\n\t\t\t\t\t<div class=\"e-con-inner\">\n\t\t\t\t<div class=\"elementor-element elementor-element-07044f0 elementor-widget elementor-widget-text-editor\" data-id=\"07044f0\" data-element_type=\"widget\" data-widget_type=\"text-editor.default\">\n\t\t\t\t<div class=\"elementor-widget-container\">\n\t\t\t<style>\/*! elementor - v3.18.0 - 20-12-2023 *\/\n.elementor-widget-text-editor.elementor-drop-cap-view-stacked .elementor-drop-cap{background-color:#69727d;color:#fff}.elementor-widget-text-editor.elementor-drop-cap-view-framed .elementor-drop-cap{color:#69727d;border:3px solid;background-color:transparent}.elementor-widget-text-editor:not(.elementor-drop-cap-view-default) .elementor-drop-cap{margin-top:8px}.elementor-widget-text-editor:not(.elementor-drop-cap-view-default) .elementor-drop-cap-letter{width:1em;height:1em}.elementor-widget-text-editor .elementor-drop-cap{float:left;text-align:center;line-height:1;font-size:50px}.elementor-widget-text-editor .elementor-drop-cap-letter{display:inline-block}<\/style>\t\t\t\t<p><strong>PC Building Simulator<\/strong> je vzd\u011bl\u00e1vac\u00ed a simula\u010dn\u00ed hra na kter\u00e9 si \u017e\u00e1ci vyzkou\u0161\u00ed sestavit nebo opravit virtu\u00e1ln\u00ed po\u010d\u00edta\u010de. Aplikace nab\u00edz\u00ed z\u00a0\u0161irok\u00e9 \u0161koly re\u00e1ln\u00fdch po\u010d\u00edta\u010dov\u00fdch komponent\u016f, sestavit po\u010d\u00edta\u010d podle ur\u010den\u00fdch nebo vlastn\u00edch specifikac\u00ed, tak\u00e9 si mohou vybrat vlastn\u00ed p\u0159\u00edslu\u0161enstv\u00ed.<\/p><p><strong>Kl\u00ed\u010dov\u00e9 vlastnosti:<\/strong><\/p><ul><li><strong>Skute\u010dnost:<\/strong> Hra obsahuje stovky re\u00e1ln\u00fdch komponent\u016f od nejzn\u00e1m\u011bj\u0161\u00edch v\u00fdrobc\u016f, jako jsou procesory, grafick\u00e9 karty, z\u00e1kladn\u00ed desky a dal\u0161\u00ed.<\/li><li><strong>Sestavov\u00e1n\u00ed:<\/strong> \u017d\u00e1ci si mohou postavit vlastn\u00ed po\u010d\u00edta\u010d od z\u00e1kladu a vybrat si jejich preferovan\u00e9 komponenty, instalovat opera\u010dn\u00ed syst\u00e9m a otestovat v\u00fdkon po\u010d\u00edta\u010de.<\/li><li><strong>Vzd\u011bl\u00e1vac\u00ed obsah:<\/strong> Aplikace nab\u00edz\u00ed tutori\u00e1ly a pr\u016fvodce, kter\u00e9 \u017e\u00e1ka provedou z\u00e1klady sestaven\u00ed a \u00fadr\u017eb\u011b po\u010d\u00edta\u010de.<\/li><\/ul><p><strong>Doporu\u010den\u00fd ro\u010dn\u00edk:<\/strong> 9. ro\u010dn\u00edk<\/p><p><strong>Platforma:<\/strong>\u00a0instalace do za\u0159\u00edzen\u00ed po\u010d\u00edta\u010de nebo notebooku<\/p><p><strong>Podporovan\u00fd jazyk:<\/strong> angli\u010dtina, \u010de\u0161tina po nainstalov\u00e1n\u00ed DLC zadarmo<\/p><p>Aplikace je za jednor\u00e1zov\u00fd poplatek.<\/p>\t\t\t\t\t\t<\/div>\n\t\t\t\t<\/div>\n\t\t\t\t<div class=\"elementor-element elementor-element-e138bda elementor-widget elementor-widget-image\" data-id=\"e138bda\" data-element_type=\"widget\" data-widget_type=\"image.default\">\n\t\t\t\t<div class=\"elementor-widget-container\">\n\t\t\t<style>\/*! elementor - v3.18.0 - 20-12-2023 *\/\n.elementor-widget-image{text-align:center}.elementor-widget-image a{display:inline-block}.elementor-widget-image a img[src$=\".svg\"]{width:48px}.elementor-widget-image img{vertical-align:middle;display:inline-block}<\/style>\t\t\t\t\t\t\t\t\t\t\t\t<img fetchpriority=\"high\" decoding=\"async\" width=\"1536\" height=\"864\" src=\"https:\/\/interaktivniaplikace.zcu.cz\/wp-content\/uploads\/2024\/06\/PC-building-simulator-1536x864.jpg\" class=\"attachment-1536x1536 size-1536x1536 wp-image-317\" alt=\"\" srcset=\"https:\/\/interaktivniaplikace.zcu.cz\/wp-content\/uploads\/2024\/06\/PC-building-simulator-1536x864.jpg 1536w, https:\/\/interaktivniaplikace.zcu.cz\/wp-content\/uploads\/2024\/06\/PC-building-simulator-300x169.jpg 300w, https:\/\/interaktivniaplikace.zcu.cz\/wp-content\/uploads\/2024\/06\/PC-building-simulator-1024x576.jpg 1024w, https:\/\/interaktivniaplikace.zcu.cz\/wp-content\/uploads\/2024\/06\/PC-building-simulator-768x432.jpg 768w, https:\/\/interaktivniaplikace.zcu.cz\/wp-content\/uploads\/2024\/06\/PC-building-simulator.jpg 1920w\" sizes=\"(max-width: 1536px) 100vw, 1536px\" \/>\t\t\t\t\t\t\t\t\t\t\t\t\t\t\t<\/div>\n\t\t\t\t<\/div>\n\t\t\t\t<div class=\"elementor-element elementor-element-4018a94 elementor-align-center elementor-widget elementor-widget-button\" data-id=\"4018a94\" data-element_type=\"widget\" data-widget_type=\"button.default\">\n\t\t\t\t<div class=\"elementor-widget-container\">\n\t\t\t\t\t<div class=\"elementor-button-wrapper\">\n\t\t\t<a class=\"elementor-button elementor-button-link elementor-size-lg\" href=\"https:\/\/www.pcbuildingsim.com\/pc-building-simulator\">\n\t\t\t\t\t\t<span class=\"elementor-button-content-wrapper\">\n\t\t\t\t\t\t<span class=\"elementor-button-text\">P\u0159ej\u00edt na web<\/span>\n\t\t<\/span>\n\t\t\t\t\t<\/a>\n\t\t<\/div>\n\t\t\t\t<\/div>\n\t\t\t\t<\/div>\n\t\t\t\t<div class=\"elementor-element elementor-element-2a1df51 elementor-widget elementor-widget-spacer\" data-id=\"2a1df51\" data-element_type=\"widget\" data-widget_type=\"spacer.default\">\n\t\t\t\t<div class=\"elementor-widget-container\">\n\t\t\t<style>\/*! elementor - v3.18.0 - 20-12-2023 *\/\n.elementor-column .elementor-spacer-inner{height:var(--spacer-size)}.e-con{--container-widget-width:100%}.e-con-inner>.elementor-widget-spacer,.e-con>.elementor-widget-spacer{width:var(--container-widget-width,var(--spacer-size));--align-self:var(--container-widget-align-self,initial);--flex-shrink:0}.e-con-inner>.elementor-widget-spacer>.elementor-widget-container,.e-con>.elementor-widget-spacer>.elementor-widget-container{height:100%;width:100%}.e-con-inner>.elementor-widget-spacer>.elementor-widget-container>.elementor-spacer,.e-con>.elementor-widget-spacer>.elementor-widget-container>.elementor-spacer{height:100%}.e-con-inner>.elementor-widget-spacer>.elementor-widget-container>.elementor-spacer>.elementor-spacer-inner,.e-con>.elementor-widget-spacer>.elementor-widget-container>.elementor-spacer>.elementor-spacer-inner{height:var(--container-widget-height,var(--spacer-size))}.e-con-inner>.elementor-widget-spacer.elementor-widget-empty,.e-con>.elementor-widget-spacer.elementor-widget-empty{position:relative;min-height:22px;min-width:22px}.e-con-inner>.elementor-widget-spacer.elementor-widget-empty .elementor-widget-empty-icon,.e-con>.elementor-widget-spacer.elementor-widget-empty .elementor-widget-empty-icon{position:absolute;top:0;bottom:0;left:0;right:0;margin:auto;padding:0;width:22px;height:22px}<\/style>\t\t<div class=\"elementor-spacer\">\n\t\t\t<div class=\"elementor-spacer-inner\"><\/div>\n\t\t<\/div>\n\t\t\t\t<\/div>\n\t\t\t\t<\/div>\n\t\t\t\t<div class=\"elementor-element elementor-element-08569ac elementor-widget elementor-widget-heading\" data-id=\"08569ac\" data-element_type=\"widget\" data-widget_type=\"heading.default\">\n\t\t\t\t<div class=\"elementor-widget-container\">\n\t\t\t<style>\/*! elementor - v3.18.0 - 20-12-2023 *\/\n.elementor-heading-title{padding:0;margin:0;line-height:1}.elementor-widget-heading .elementor-heading-title[class*=elementor-size-]>a{color:inherit;font-size:inherit;line-height:inherit}.elementor-widget-heading .elementor-heading-title.elementor-size-small{font-size:15px}.elementor-widget-heading .elementor-heading-title.elementor-size-medium{font-size:19px}.elementor-widget-heading .elementor-heading-title.elementor-size-large{font-size:29px}.elementor-widget-heading .elementor-heading-title.elementor-size-xl{font-size:39px}.elementor-widget-heading .elementor-heading-title.elementor-size-xxl{font-size:59px}<\/style><h2 class=\"elementor-heading-title elementor-size-xl\">Vyu\u010dovac\u00ed hodina<\/h2>\t\t<\/div>\n\t\t\t\t<\/div>\n\t\t\t\t<div class=\"elementor-element elementor-element-2940521 elementor-widget elementor-widget-text-editor\" data-id=\"2940521\" data-element_type=\"widget\" data-widget_type=\"text-editor.default\">\n\t\t\t\t<div class=\"elementor-widget-container\">\n\t\t\t\t\t\t\t<p><strong>Ro\u010dn\u00edk:<\/strong> 9. t\u0159\u00edda<\/p><p><strong>T\u00e9ma:<\/strong> Sestaven\u00ed po\u010d\u00edta\u010de<\/p><p><strong>\u00dakol:<\/strong> Sestav po\u010d\u00edta\u010d podle tutori\u00e1lu. Pot\u00e9 m\u016f\u017ee\u0161 zkusit sestavit sv\u016fj vlastn\u00ed vysn\u011bn\u00fd po\u010d\u00edta\u010d.<\/p><p><strong>\u017d\u00e1k se nau\u010d\u00ed:<\/strong> z\u00e1kladn\u00ed znalosti o po\u010d\u00edta\u010dov\u00fdch komponentech, sestaven\u00ed po\u010d\u00edta\u010de, \u0159e\u0161en\u00ed probl\u00e9mu, kritick\u00e9 my\u0161len\u00ed<\/p>\t\t\t\t\t\t<\/div>\n\t\t\t\t<\/div>\n\t\t\t\t<div class=\"elementor-element elementor-element-e2e2998 elementor-widget elementor-widget-video\" data-id=\"e2e2998\" data-element_type=\"widget\" data-settings=\"{&quot;youtube_url&quot;:&quot;https:\\\/\\\/youtu.be\\\/qspYa15sr_w&quot;,&quot;video_type&quot;:&quot;youtube&quot;,&quot;controls&quot;:&quot;yes&quot;}\" data-widget_type=\"video.default\">\n\t\t\t\t<div class=\"elementor-widget-container\">\n\t\t\t<style>\/*! elementor - v3.18.0 - 20-12-2023 *\/\n.elementor-widget-video .elementor-widget-container{overflow:hidden;transform:translateZ(0)}.elementor-widget-video .elementor-wrapper{aspect-ratio:var(--video-aspect-ratio)}.elementor-widget-video .elementor-wrapper iframe,.elementor-widget-video .elementor-wrapper video{height:100%;width:100%;display:flex;border:none;background-color:#000}@supports not (aspect-ratio:1\/1){.elementor-widget-video .elementor-wrapper{position:relative;overflow:hidden;height:0;padding-bottom:calc(100% \/ var(--video-aspect-ratio))}.elementor-widget-video .elementor-wrapper iframe,.elementor-widget-video .elementor-wrapper video{position:absolute;top:0;right:0;bottom:0;left:0}}.elementor-widget-video .elementor-open-inline .elementor-custom-embed-image-overlay{position:absolute;top:0;right:0;bottom:0;left:0;background-size:cover;background-position:50%}.elementor-widget-video .elementor-custom-embed-image-overlay{cursor:pointer;text-align:center}.elementor-widget-video .elementor-custom-embed-image-overlay:hover .elementor-custom-embed-play i{opacity:1}.elementor-widget-video .elementor-custom-embed-image-overlay img{display:block;width:100%;aspect-ratio:var(--video-aspect-ratio);-o-object-fit:cover;object-fit:cover;-o-object-position:center center;object-position:center center}@supports not (aspect-ratio:1\/1){.elementor-widget-video .elementor-custom-embed-image-overlay{position:relative;overflow:hidden;height:0;padding-bottom:calc(100% \/ var(--video-aspect-ratio))}.elementor-widget-video .elementor-custom-embed-image-overlay img{position:absolute;top:0;right:0;bottom:0;left:0}}.elementor-widget-video .e-hosted-video .elementor-video{-o-object-fit:cover;object-fit:cover}.e-con-inner>.elementor-widget-video,.e-con>.elementor-widget-video{width:var(--container-widget-width);--flex-grow:var(--container-widget-flex-grow)}<\/style>\t\t<div class=\"elementor-wrapper elementor-open-inline\">\n\t\t\t<div class=\"elementor-video\"><\/div>\t\t<\/div>\n\t\t\t\t<\/div>\n\t\t\t\t<\/div>\n\t\t\t\t\t<\/div>\n\t\t\t\t<\/div>\n\t\t\t\t\t\t\t<\/div>\n\t\t","protected":false},"excerpt":{"rendered":"<p>PC Building Simulator je vzd\u011bl\u00e1vac\u00ed a simula\u010dn\u00ed hra na kter\u00e9 si \u017e\u00e1ci vyzkou\u0161\u00ed sestavit nebo opravit virtu\u00e1ln\u00ed po\u010d\u00edta\u010de. Aplikace nab\u00edz\u00ed z\u00a0\u0161irok\u00e9 \u0161koly re\u00e1ln\u00fdch po\u010d\u00edta\u010dov\u00fdch komponent\u016f, [&hellip;]<\/p>\n","protected":false},"author":2,"featured_media":0,"parent":116,"menu_order":0,"comment_status":"closed","ping_status":"closed","template":"","meta":[],"_links":{"self":[{"href":"https:\/\/interaktivniaplikace.zcu.cz\/index.php\/wp-json\/wp\/v2\/pages\/291"}],"collection":[{"href":"https:\/\/interaktivniaplikace.zcu.cz\/index.php\/wp-json\/wp\/v2\/pages"}],"about":[{"href":"https:\/\/interaktivniaplikace.zcu.cz\/index.php\/wp-json\/wp\/v2\/types\/page"}],"author":[{"embeddable":true,"href":"https:\/\/interaktivniaplikace.zcu.cz\/index.php\/wp-json\/wp\/v2\/users\/2"}],"replies":[{"embeddable":true,"href":"https:\/\/interaktivniaplikace.zcu.cz\/index.php\/wp-json\/wp\/v2\/comments?post=291"}],"version-history":[{"count":22,"href":"https:\/\/interaktivniaplikace.zcu.cz\/index.php\/wp-json\/wp\/v2\/pages\/291\/revisions"}],"predecessor-version":[{"id":573,"href":"https:\/\/interaktivniaplikace.zcu.cz\/index.php\/wp-json\/wp\/v2\/pages\/291\/revisions\/573"}],"up":[{"embeddable":true,"href":"https:\/\/interaktivniaplikace.zcu.cz\/index.php\/wp-json\/wp\/v2\/pages\/116"}],"wp:attachment":[{"href":"https:\/\/interaktivniaplikace.zcu.cz\/index.php\/wp-json\/wp\/v2\/media?parent=291"}],"curies":[{"name":"wp","href":"https:\/\/api.w.org\/{rel}","templated":true}]}}