{"id":295,"date":"2024-06-12T16:17:19","date_gmt":"2024-06-12T16:17:19","guid":{"rendered":"https:\/\/interaktivniaplikace.zcu.cz\/?page_id=295"},"modified":"2024-06-16T15:32:40","modified_gmt":"2024-06-16T15:32:40","slug":"stop-motion-studio","status":"publish","type":"page","link":"https:\/\/interaktivniaplikace.zcu.cz\/index.php\/digitalni-technologie\/stop-motion-studio\/","title":{"rendered":"Stop Motion Studio"},"content":{"rendered":"\t\t<div data-elementor-type=\"wp-page\" data-elementor-id=\"295\" class=\"elementor elementor-295\">\n\t\t\t\t\t\t\t<div class=\"elementor-element elementor-element-390b5ce e-flex e-con-boxed e-con e-parent\" data-id=\"390b5ce\" data-element_type=\"container\" data-settings=\"{&quot;content_width&quot;:&quot;boxed&quot;}\" data-core-v316-plus=\"true\">\n\t\t\t\t\t<div class=\"e-con-inner\">\n\t\t\t\t<div class=\"elementor-element elementor-element-04d233f elementor-widget elementor-widget-text-editor\" data-id=\"04d233f\" data-element_type=\"widget\" data-widget_type=\"text-editor.default\">\n\t\t\t\t<div class=\"elementor-widget-container\">\n\t\t\t<style>\/*! elementor - v3.18.0 - 20-12-2023 *\/\n.elementor-widget-text-editor.elementor-drop-cap-view-stacked .elementor-drop-cap{background-color:#69727d;color:#fff}.elementor-widget-text-editor.elementor-drop-cap-view-framed .elementor-drop-cap{color:#69727d;border:3px solid;background-color:transparent}.elementor-widget-text-editor:not(.elementor-drop-cap-view-default) .elementor-drop-cap{margin-top:8px}.elementor-widget-text-editor:not(.elementor-drop-cap-view-default) .elementor-drop-cap-letter{width:1em;height:1em}.elementor-widget-text-editor .elementor-drop-cap{float:left;text-align:center;line-height:1;font-size:50px}.elementor-widget-text-editor .elementor-drop-cap-letter{display:inline-block}<\/style>\t\t\t\t<p><strong>Stop Motion Studio<\/strong> je interaktivn\u00ed aplikace pro tvorbu jednoduch\u00fdch animac\u00ed. Umo\u017e\u0148uje \u017e\u00e1k\u016fm snadno vytvo\u0159it plynul\u00e9 animace z\u00a0jednotliv\u00fdch sn\u00edmk\u016f, kter\u00e9 lze po\u0159\u00eddit p\u0159\u00edmo z\u00a0fotoapar\u00e1tu na mobilu nebo z\u00a0galerie fotek.<\/p><p>Kl\u00ed\u010dov\u00e9 vlastnosti:<\/p><ul><li><strong>Jednoduchost:<\/strong> D\u00edky intuitivn\u00edmu drag-and-drop editoru je vytv\u00e1\u0159en\u00ed z\u00e1kladn\u00edch grafik snadn\u00e9 i pro \u00fapln\u00e9 za\u010d\u00e1te\u010dn\u00edky.<\/li><li><strong>\u00daprava:<\/strong> Aplikace poskytuje n\u00e1stroje pro \u00fapravu jednotliv\u00fdch sn\u00edmk\u016f, jako je o\u0159ez\u00e1v\u00e1n\u00ed, zm\u011bna velikosti, rotace a p\u0159id\u00e1v\u00e1n\u00ed efekt\u016f.<\/li><li><strong>Zvuk:<\/strong> \u017d\u00e1ci mohou ve sv\u00fdch animac\u00edch p\u0159id\u00e1vat vlastn\u00ed zvukov\u00e9 efekty a dialogy, kter\u00e9 zlep\u0161\u00ed animaci na dal\u0161\u00ed<\/li><\/ul><p><strong>Doporu\u010den\u00fd ro\u010dn\u00edk:<\/strong> 6. a\u017e 8. ro\u010dn\u00edk<\/p><p><strong>Platforma:<\/strong> mobiln\u00ed aplikace pro Android a iOS<\/p><p><strong>Podporovan\u00fd jazyk:<\/strong> \u010de\u0161tina<\/p><p>Aplikace je bezplatn\u00e1 a m\u016f\u017ee ji pou\u017e\u00edvat kdokoli bezplatn\u011b po p\u0159edchoz\u00ed registraci.<\/p>\t\t\t\t\t\t<\/div>\n\t\t\t\t<\/div>\n\t\t\t\t<div class=\"elementor-element elementor-element-1d6e664 elementor-widget elementor-widget-image\" data-id=\"1d6e664\" data-element_type=\"widget\" data-widget_type=\"image.default\">\n\t\t\t\t<div class=\"elementor-widget-container\">\n\t\t\t<style>\/*! elementor - v3.18.0 - 20-12-2023 *\/\n.elementor-widget-image{text-align:center}.elementor-widget-image a{display:inline-block}.elementor-widget-image a img[src$=\".svg\"]{width:48px}.elementor-widget-image img{vertical-align:middle;display:inline-block}<\/style>\t\t\t\t\t\t\t\t\t\t\t\t<img fetchpriority=\"high\" decoding=\"async\" width=\"1536\" height=\"737\" src=\"https:\/\/interaktivniaplikace.zcu.cz\/wp-content\/uploads\/2024\/06\/Stop-Motion-Studio-1536x737.png\" class=\"attachment-1536x1536 size-1536x1536 wp-image-333\" alt=\"\" srcset=\"https:\/\/interaktivniaplikace.zcu.cz\/wp-content\/uploads\/2024\/06\/Stop-Motion-Studio-1536x737.png 1536w, https:\/\/interaktivniaplikace.zcu.cz\/wp-content\/uploads\/2024\/06\/Stop-Motion-Studio-300x144.png 300w, https:\/\/interaktivniaplikace.zcu.cz\/wp-content\/uploads\/2024\/06\/Stop-Motion-Studio-1024x492.png 1024w, https:\/\/interaktivniaplikace.zcu.cz\/wp-content\/uploads\/2024\/06\/Stop-Motion-Studio-768x369.png 768w, https:\/\/interaktivniaplikace.zcu.cz\/wp-content\/uploads\/2024\/06\/Stop-Motion-Studio-2048x983.png 2048w\" sizes=\"(max-width: 1536px) 100vw, 1536px\" \/>\t\t\t\t\t\t\t\t\t\t\t\t\t\t\t<\/div>\n\t\t\t\t<\/div>\n\t\t\t\t<div class=\"elementor-element elementor-element-6efde0e elementor-align-center elementor-widget elementor-widget-button\" data-id=\"6efde0e\" data-element_type=\"widget\" data-widget_type=\"button.default\">\n\t\t\t\t<div class=\"elementor-widget-container\">\n\t\t\t\t\t<div class=\"elementor-button-wrapper\">\n\t\t\t<a class=\"elementor-button elementor-button-link elementor-size-lg\" href=\"https:\/\/play.google.com\/store\/apps\/details?id=com.cateater.stopmotionstudio&#038;hl=cs\">\n\t\t\t\t\t\t<span class=\"elementor-button-content-wrapper\">\n\t\t\t\t\t\t<span class=\"elementor-button-text\">P\u0159ej\u00edt na web<\/span>\n\t\t<\/span>\n\t\t\t\t\t<\/a>\n\t\t<\/div>\n\t\t\t\t<\/div>\n\t\t\t\t<\/div>\n\t\t\t\t<div class=\"elementor-element elementor-element-6b56723 elementor-widget elementor-widget-spacer\" data-id=\"6b56723\" data-element_type=\"widget\" data-widget_type=\"spacer.default\">\n\t\t\t\t<div class=\"elementor-widget-container\">\n\t\t\t<style>\/*! elementor - v3.18.0 - 20-12-2023 *\/\n.elementor-column .elementor-spacer-inner{height:var(--spacer-size)}.e-con{--container-widget-width:100%}.e-con-inner>.elementor-widget-spacer,.e-con>.elementor-widget-spacer{width:var(--container-widget-width,var(--spacer-size));--align-self:var(--container-widget-align-self,initial);--flex-shrink:0}.e-con-inner>.elementor-widget-spacer>.elementor-widget-container,.e-con>.elementor-widget-spacer>.elementor-widget-container{height:100%;width:100%}.e-con-inner>.elementor-widget-spacer>.elementor-widget-container>.elementor-spacer,.e-con>.elementor-widget-spacer>.elementor-widget-container>.elementor-spacer{height:100%}.e-con-inner>.elementor-widget-spacer>.elementor-widget-container>.elementor-spacer>.elementor-spacer-inner,.e-con>.elementor-widget-spacer>.elementor-widget-container>.elementor-spacer>.elementor-spacer-inner{height:var(--container-widget-height,var(--spacer-size))}.e-con-inner>.elementor-widget-spacer.elementor-widget-empty,.e-con>.elementor-widget-spacer.elementor-widget-empty{position:relative;min-height:22px;min-width:22px}.e-con-inner>.elementor-widget-spacer.elementor-widget-empty .elementor-widget-empty-icon,.e-con>.elementor-widget-spacer.elementor-widget-empty .elementor-widget-empty-icon{position:absolute;top:0;bottom:0;left:0;right:0;margin:auto;padding:0;width:22px;height:22px}<\/style>\t\t<div class=\"elementor-spacer\">\n\t\t\t<div class=\"elementor-spacer-inner\"><\/div>\n\t\t<\/div>\n\t\t\t\t<\/div>\n\t\t\t\t<\/div>\n\t\t\t\t<div class=\"elementor-element elementor-element-496aee9 elementor-widget elementor-widget-heading\" data-id=\"496aee9\" data-element_type=\"widget\" data-widget_type=\"heading.default\">\n\t\t\t\t<div class=\"elementor-widget-container\">\n\t\t\t<style>\/*! elementor - v3.18.0 - 20-12-2023 *\/\n.elementor-heading-title{padding:0;margin:0;line-height:1}.elementor-widget-heading .elementor-heading-title[class*=elementor-size-]>a{color:inherit;font-size:inherit;line-height:inherit}.elementor-widget-heading .elementor-heading-title.elementor-size-small{font-size:15px}.elementor-widget-heading .elementor-heading-title.elementor-size-medium{font-size:19px}.elementor-widget-heading .elementor-heading-title.elementor-size-large{font-size:29px}.elementor-widget-heading .elementor-heading-title.elementor-size-xl{font-size:39px}.elementor-widget-heading .elementor-heading-title.elementor-size-xxl{font-size:59px}<\/style><h2 class=\"elementor-heading-title elementor-size-xl\">Vyu\u010dovac\u00ed hodina<\/h2>\t\t<\/div>\n\t\t\t\t<\/div>\n\t\t\t\t<div class=\"elementor-element elementor-element-79c70ab elementor-widget elementor-widget-text-editor\" data-id=\"79c70ab\" data-element_type=\"widget\" data-widget_type=\"text-editor.default\">\n\t\t\t\t<div class=\"elementor-widget-container\">\n\t\t\t\t\t\t\t<p><strong>Ro\u010dn\u00edk:<\/strong> 6. t\u0159\u00edda<\/p><p><strong>T\u00e9ma:<\/strong> Kr\u00e1tk\u00fd p\u0159\u00edb\u011bh<\/p><p><strong>\u00dakol:<\/strong> Ve skupince vytvo\u0159te kr\u00e1tk\u00fd p\u0159\u00edb\u011bh. P\u0159\u00edb\u011bh m\u016f\u017ee b\u00fdt origin\u00e1ln\u00ed nebo adaptace existuj\u00edc\u00edho d\u00edla.<\/p><p><strong>\u017d\u00e1k se nau\u010d\u00ed:<\/strong> spolupr\u00e1ce a komunikace, technick\u00e9 dovednosti, kritick\u00e9 my\u0161len\u00ed, kreativita a \u0159e\u0161en\u00ed probl\u00e9m\u016f<\/p>\t\t\t\t\t\t<\/div>\n\t\t\t\t<\/div>\n\t\t\t\t<div class=\"elementor-element elementor-element-bad53d1 elementor-widget elementor-widget-video\" data-id=\"bad53d1\" data-element_type=\"widget\" data-settings=\"{&quot;youtube_url&quot;:&quot;https:\\\/\\\/youtu.be\\\/HhjnV4IGSsw&quot;,&quot;video_type&quot;:&quot;youtube&quot;,&quot;controls&quot;:&quot;yes&quot;}\" data-widget_type=\"video.default\">\n\t\t\t\t<div class=\"elementor-widget-container\">\n\t\t\t<style>\/*! elementor - v3.18.0 - 20-12-2023 *\/\n.elementor-widget-video .elementor-widget-container{overflow:hidden;transform:translateZ(0)}.elementor-widget-video .elementor-wrapper{aspect-ratio:var(--video-aspect-ratio)}.elementor-widget-video .elementor-wrapper iframe,.elementor-widget-video .elementor-wrapper video{height:100%;width:100%;display:flex;border:none;background-color:#000}@supports not (aspect-ratio:1\/1){.elementor-widget-video .elementor-wrapper{position:relative;overflow:hidden;height:0;padding-bottom:calc(100% \/ var(--video-aspect-ratio))}.elementor-widget-video .elementor-wrapper iframe,.elementor-widget-video .elementor-wrapper video{position:absolute;top:0;right:0;bottom:0;left:0}}.elementor-widget-video .elementor-open-inline .elementor-custom-embed-image-overlay{position:absolute;top:0;right:0;bottom:0;left:0;background-size:cover;background-position:50%}.elementor-widget-video .elementor-custom-embed-image-overlay{cursor:pointer;text-align:center}.elementor-widget-video .elementor-custom-embed-image-overlay:hover .elementor-custom-embed-play i{opacity:1}.elementor-widget-video .elementor-custom-embed-image-overlay img{display:block;width:100%;aspect-ratio:var(--video-aspect-ratio);-o-object-fit:cover;object-fit:cover;-o-object-position:center center;object-position:center center}@supports not (aspect-ratio:1\/1){.elementor-widget-video .elementor-custom-embed-image-overlay{position:relative;overflow:hidden;height:0;padding-bottom:calc(100% \/ var(--video-aspect-ratio))}.elementor-widget-video .elementor-custom-embed-image-overlay img{position:absolute;top:0;right:0;bottom:0;left:0}}.elementor-widget-video .e-hosted-video .elementor-video{-o-object-fit:cover;object-fit:cover}.e-con-inner>.elementor-widget-video,.e-con>.elementor-widget-video{width:var(--container-widget-width);--flex-grow:var(--container-widget-flex-grow)}<\/style>\t\t<div class=\"elementor-wrapper elementor-open-inline\">\n\t\t\t<div class=\"elementor-video\"><\/div>\t\t<\/div>\n\t\t\t\t<\/div>\n\t\t\t\t<\/div>\n\t\t\t\t\t<\/div>\n\t\t\t\t<\/div>\n\t\t\t\t\t\t\t<\/div>\n\t\t","protected":false},"excerpt":{"rendered":"<p>Stop Motion Studio je interaktivn\u00ed aplikace pro tvorbu jednoduch\u00fdch animac\u00ed. Umo\u017e\u0148uje \u017e\u00e1k\u016fm snadno vytvo\u0159it plynul\u00e9 animace z\u00a0jednotliv\u00fdch sn\u00edmk\u016f, kter\u00e9 lze po\u0159\u00eddit p\u0159\u00edmo z\u00a0fotoapar\u00e1tu na mobilu [&hellip;]<\/p>\n","protected":false},"author":2,"featured_media":0,"parent":116,"menu_order":0,"comment_status":"closed","ping_status":"closed","template":"","meta":[],"_links":{"self":[{"href":"https:\/\/interaktivniaplikace.zcu.cz\/index.php\/wp-json\/wp\/v2\/pages\/295"}],"collection":[{"href":"https:\/\/interaktivniaplikace.zcu.cz\/index.php\/wp-json\/wp\/v2\/pages"}],"about":[{"href":"https:\/\/interaktivniaplikace.zcu.cz\/index.php\/wp-json\/wp\/v2\/types\/page"}],"author":[{"embeddable":true,"href":"https:\/\/interaktivniaplikace.zcu.cz\/index.php\/wp-json\/wp\/v2\/users\/2"}],"replies":[{"embeddable":true,"href":"https:\/\/interaktivniaplikace.zcu.cz\/index.php\/wp-json\/wp\/v2\/comments?post=295"}],"version-history":[{"count":22,"href":"https:\/\/interaktivniaplikace.zcu.cz\/index.php\/wp-json\/wp\/v2\/pages\/295\/revisions"}],"predecessor-version":[{"id":579,"href":"https:\/\/interaktivniaplikace.zcu.cz\/index.php\/wp-json\/wp\/v2\/pages\/295\/revisions\/579"}],"up":[{"embeddable":true,"href":"https:\/\/interaktivniaplikace.zcu.cz\/index.php\/wp-json\/wp\/v2\/pages\/116"}],"wp:attachment":[{"href":"https:\/\/interaktivniaplikace.zcu.cz\/index.php\/wp-json\/wp\/v2\/media?parent=295"}],"curies":[{"name":"wp","href":"https:\/\/api.w.org\/{rel}","templated":true}]}}