{"id":31,"date":"2024-04-11T15:21:53","date_gmt":"2024-04-11T15:21:53","guid":{"rendered":"https:\/\/interaktivniaplikace.zcu.cz\/index.php\/gardening\/"},"modified":"2024-06-16T15:58:20","modified_gmt":"2024-06-16T15:58:20","slug":"gardening","status":"publish","type":"page","link":"https:\/\/interaktivniaplikace.zcu.cz\/","title":{"rendered":"\u00davodn\u00ed str\u00e1nka"},"content":{"rendered":"\t\t<div data-elementor-type=\"wp-page\" data-elementor-id=\"31\" class=\"elementor elementor-31\">\n\t\t\t\t\t\t\t\t\t<section class=\"elementor-section elementor-top-section elementor-element elementor-element-22263028 elementor-section-full_width elementor-section-height-min-height elementor-section-height-default elementor-section-items-middle\" data-id=\"22263028\" data-element_type=\"section\" data-settings=\"{&quot;background_background&quot;:&quot;classic&quot;}\">\n\t\t\t\t\t\t\t<div class=\"elementor-background-overlay\"><\/div>\n\t\t\t\t\t\t\t<div class=\"elementor-container elementor-column-gap-default\">\n\t\t\t\t\t<div class=\"elementor-column elementor-col-100 elementor-top-column elementor-element elementor-element-1374656d\" data-id=\"1374656d\" data-element_type=\"column\">\n\t\t\t<div class=\"elementor-widget-wrap elementor-element-populated\">\n\t\t\t\t\t\t\t\t<section class=\"elementor-section elementor-inner-section elementor-element elementor-element-54fbbd7b elementor-section-boxed elementor-section-height-default elementor-section-height-default\" data-id=\"54fbbd7b\" data-element_type=\"section\">\n\t\t\t\t\t\t<div class=\"elementor-container elementor-column-gap-default\">\n\t\t\t\t\t<div class=\"elementor-column elementor-col-50 elementor-inner-column elementor-element elementor-element-3041d83f\" data-id=\"3041d83f\" data-element_type=\"column\">\n\t\t\t<div class=\"elementor-widget-wrap elementor-element-populated\">\n\t\t\t\t\t\t\t\t<div class=\"elementor-element elementor-element-397b0a02 elementor-widget elementor-widget-heading\" data-id=\"397b0a02\" data-element_type=\"widget\" data-widget_type=\"heading.default\">\n\t\t\t\t<div class=\"elementor-widget-container\">\n\t\t\t<style>\/*! elementor - v3.18.0 - 20-12-2023 *\/\n.elementor-heading-title{padding:0;margin:0;line-height:1}.elementor-widget-heading .elementor-heading-title[class*=elementor-size-]>a{color:inherit;font-size:inherit;line-height:inherit}.elementor-widget-heading .elementor-heading-title.elementor-size-small{font-size:15px}.elementor-widget-heading .elementor-heading-title.elementor-size-medium{font-size:19px}.elementor-widget-heading .elementor-heading-title.elementor-size-large{font-size:29px}.elementor-widget-heading .elementor-heading-title.elementor-size-xl{font-size:39px}.elementor-widget-heading .elementor-heading-title.elementor-size-xxl{font-size:59px}<\/style><h2 class=\"elementor-heading-title elementor-size-default\">O\u017eivte v\u00fduku informatiky<\/h2>\t\t<\/div>\n\t\t\t\t<\/div>\n\t\t\t\t<div class=\"elementor-element elementor-element-7bd24979 elementor-widget elementor-widget-heading\" data-id=\"7bd24979\" data-element_type=\"widget\" data-widget_type=\"heading.default\">\n\t\t\t\t<div class=\"elementor-widget-container\">\n\t\t\t<h2 class=\"elementor-heading-title elementor-size-default\">Interaktivn\u00ed aplikace pro modern\u00ed v\u00fduku<\/h2>\t\t<\/div>\n\t\t\t\t<\/div>\n\t\t\t\t<div class=\"elementor-element elementor-element-48d8687e elementor-widget__width-initial elementor-widget-mobile__width-inherit elementor-widget-tablet__width-initial elementor-widget elementor-widget-text-editor\" data-id=\"48d8687e\" data-element_type=\"widget\" data-widget_type=\"text-editor.default\">\n\t\t\t\t<div class=\"elementor-widget-container\">\n\t\t\t<style>\/*! elementor - v3.18.0 - 20-12-2023 *\/\n.elementor-widget-text-editor.elementor-drop-cap-view-stacked .elementor-drop-cap{background-color:#69727d;color:#fff}.elementor-widget-text-editor.elementor-drop-cap-view-framed .elementor-drop-cap{color:#69727d;border:3px solid;background-color:transparent}.elementor-widget-text-editor:not(.elementor-drop-cap-view-default) .elementor-drop-cap{margin-top:8px}.elementor-widget-text-editor:not(.elementor-drop-cap-view-default) .elementor-drop-cap-letter{width:1em;height:1em}.elementor-widget-text-editor .elementor-drop-cap{float:left;text-align:center;line-height:1;font-size:50px}.elementor-widget-text-editor .elementor-drop-cap-letter{display:inline-block}<\/style>\t\t\t\t<p data-sourcepos=\"5:1-5:90\"><strong>Na t\u00e9to str\u00e1nce m\u016f\u017eete naj\u00edt \u0161irokou \u0161k\u00e1lu aplikac\u00ed pro v\u0161echny v\u011bkov\u00e9 kategorie a \u00farovn\u011b znalost\u00ed \u017e\u00e1k\u016f.<\/strong><\/p><ul data-sourcepos=\"7:1-11:0\"><li data-sourcepos=\"7:1-7:49\">Zaujmou studenty a d\u011blaj\u00ed z informatiky z\u00e1bavu.<\/li><li data-sourcepos=\"8:1-8:41\">Usnad\u0148uj\u00ed pochopen\u00ed kl\u00ed\u010dov\u00fdch koncept\u016f.<\/li><li data-sourcepos=\"9:1-9:42\">Rozv\u00edjej\u00ed digit\u00e1ln\u00ed dovednosti student\u016f.<\/li><li data-sourcepos=\"10:1-11:0\">P\u0159ipravuj\u00ed studenty na budoucnost.<\/li><\/ul>\t\t\t\t\t\t<\/div>\n\t\t\t\t<\/div>\n\t\t\t\t<div class=\"elementor-element elementor-element-219ea811 elementor-mobile-align-center elementor-align-left elementor-widget elementor-widget-button\" data-id=\"219ea811\" data-element_type=\"widget\" data-widget_type=\"button.default\">\n\t\t\t\t<div class=\"elementor-widget-container\">\n\t\t\t\t\t<div class=\"elementor-button-wrapper\">\n\t\t\t<a class=\"elementor-button elementor-button-link elementor-size-lg\" href=\"https:\/\/interaktivniaplikace.zcu.cz\/index.php\/algoritmizace-a-programovani\/\">\n\t\t\t\t\t\t<span class=\"elementor-button-content-wrapper\">\n\t\t\t\t\t\t<span class=\"elementor-button-text\">Zjistit v\u00edce<\/span>\n\t\t<\/span>\n\t\t\t\t\t<\/a>\n\t\t<\/div>\n\t\t\t\t<\/div>\n\t\t\t\t<\/div>\n\t\t\t\t\t<\/div>\n\t\t<\/div>\n\t\t\t\t<div class=\"elementor-column elementor-col-50 elementor-inner-column elementor-element elementor-element-2ad62edb\" data-id=\"2ad62edb\" data-element_type=\"column\">\n\t\t\t<div class=\"elementor-widget-wrap\">\n\t\t\t\t\t\t\t\t\t<\/div>\n\t\t<\/div>\n\t\t\t\t\t\t\t<\/div>\n\t\t<\/section>\n\t\t\t\t\t<\/div>\n\t\t<\/div>\n\t\t\t\t\t\t\t<\/div>\n\t\t<\/section>\n\t\t\t\t<section class=\"elementor-section elementor-top-section elementor-element elementor-element-452b37 elementor-section-boxed elementor-section-height-default elementor-section-height-default\" data-id=\"452b37\" data-element_type=\"section\">\n\t\t\t\t\t\t<div class=\"elementor-container elementor-column-gap-default\">\n\t\t\t\t\t<div class=\"elementor-column elementor-col-100 elementor-top-column elementor-element elementor-element-2b9a36a\" data-id=\"2b9a36a\" data-element_type=\"column\">\n\t\t\t<div class=\"elementor-widget-wrap elementor-element-populated\">\n\t\t\t\t\t\t\t\t<section class=\"elementor-section elementor-inner-section elementor-element elementor-element-244e5739 elementor-section-boxed elementor-section-height-default elementor-section-height-default\" data-id=\"244e5739\" data-element_type=\"section\">\n\t\t\t\t\t\t<div class=\"elementor-container elementor-column-gap-default\">\n\t\t\t\t\t<div class=\"elementor-column elementor-col-25 elementor-inner-column elementor-element elementor-element-2cbe7583 animated-slow elementor-invisible\" data-id=\"2cbe7583\" data-element_type=\"column\" data-settings=\"{&quot;background_background&quot;:&quot;classic&quot;,&quot;animation&quot;:&quot;fadeInUp&quot;}\">\n\t\t\t<div class=\"elementor-widget-wrap elementor-element-populated\">\n\t\t\t\t\t\t\t\t<div class=\"elementor-element elementor-element-cbadc30 elementor-widget elementor-widget-image\" data-id=\"cbadc30\" data-element_type=\"widget\" data-widget_type=\"image.default\">\n\t\t\t\t<div class=\"elementor-widget-container\">\n\t\t\t<style>\/*! elementor - v3.18.0 - 20-12-2023 *\/\n.elementor-widget-image{text-align:center}.elementor-widget-image a{display:inline-block}.elementor-widget-image a img[src$=\".svg\"]{width:48px}.elementor-widget-image img{vertical-align:middle;display:inline-block}<\/style>\t\t\t\t\t\t\t\t\t\t\t\t<img fetchpriority=\"high\" decoding=\"async\" width=\"417\" height=\"387\" src=\"https:\/\/interaktivniaplikace.zcu.cz\/wp-content\/uploads\/2024\/06\/iiss.png\" class=\"attachment-full size-full wp-image-82\" alt=\"\" srcset=\"https:\/\/interaktivniaplikace.zcu.cz\/wp-content\/uploads\/2024\/06\/iiss.png 417w, https:\/\/interaktivniaplikace.zcu.cz\/wp-content\/uploads\/2024\/06\/iiss-300x278.png 300w\" sizes=\"(max-width: 417px) 100vw, 417px\" \/>\t\t\t\t\t\t\t\t\t\t\t\t\t\t\t<\/div>\n\t\t\t\t<\/div>\n\t\t\t\t<div class=\"elementor-element elementor-element-4f1b5644 elementor-widget elementor-widget-heading\" data-id=\"4f1b5644\" data-element_type=\"widget\" data-widget_type=\"heading.default\">\n\t\t\t\t<div class=\"elementor-widget-container\">\n\t\t\t<h3 class=\"elementor-heading-title elementor-size-default\"><a href=\"#\">Data, informace a modelov\u00e1n\u00ed<\/a><\/h3>\t\t<\/div>\n\t\t\t\t<\/div>\n\t\t\t\t<div class=\"elementor-element elementor-element-7984f3c6 elementor-widget elementor-widget-text-editor\" data-id=\"7984f3c6\" data-element_type=\"widget\" data-widget_type=\"text-editor.default\">\n\t\t\t\t<div class=\"elementor-widget-container\">\n\t\t\t\t\t\t\t<p>Objevujte, jak data ovliv\u0148uj\u00ed va\u0161e rozhodov\u00e1n\u00ed a analyzujte sv\u011bt kolem sebe s interaktivn\u00edmi modely a aplikacemi.<\/p>\t\t\t\t\t\t<\/div>\n\t\t\t\t<\/div>\n\t\t\t\t<div class=\"elementor-element elementor-element-3a900cb5 elementor-align-center elementor-widget elementor-widget-button\" data-id=\"3a900cb5\" data-element_type=\"widget\" data-widget_type=\"button.default\">\n\t\t\t\t<div class=\"elementor-widget-container\">\n\t\t\t\t\t<div class=\"elementor-button-wrapper\">\n\t\t\t<a class=\"elementor-button elementor-button-link elementor-size-sm\" href=\"https:\/\/interaktivniaplikace.zcu.cz\/index.php\/data-informace-a-modelovani\/\">\n\t\t\t\t\t\t<span class=\"elementor-button-content-wrapper\">\n\t\t\t\t\t\t<span class=\"elementor-button-text\">Zjistit v\u00edce<\/span>\n\t\t<\/span>\n\t\t\t\t\t<\/a>\n\t\t<\/div>\n\t\t\t\t<\/div>\n\t\t\t\t<\/div>\n\t\t\t\t\t<\/div>\n\t\t<\/div>\n\t\t\t\t<div class=\"elementor-column elementor-col-25 elementor-inner-column elementor-element elementor-element-7a88eb3 animated-slow elementor-invisible\" data-id=\"7a88eb3\" data-element_type=\"column\" data-settings=\"{&quot;background_background&quot;:&quot;classic&quot;,&quot;animation&quot;:&quot;fadeInUp&quot;}\">\n\t\t\t<div class=\"elementor-widget-wrap elementor-element-populated\">\n\t\t\t\t\t\t\t\t<div class=\"elementor-element elementor-element-ac14f44 elementor-widget elementor-widget-image\" data-id=\"ac14f44\" data-element_type=\"widget\" data-widget_type=\"image.default\">\n\t\t\t\t<div class=\"elementor-widget-container\">\n\t\t\t\t\t\t\t\t\t\t\t\t\t\t\t<img decoding=\"async\" width=\"250\" height=\"238\" src=\"https:\/\/interaktivniaplikace.zcu.cz\/wp-content\/uploads\/2024\/06\/algoritmizace.png\" class=\"attachment-full size-full wp-image-84\" alt=\"\" \/>\t\t\t\t\t\t\t\t\t\t\t\t\t\t\t<\/div>\n\t\t\t\t<\/div>\n\t\t\t\t<div class=\"elementor-element elementor-element-6db3b97 elementor-widget elementor-widget-heading\" data-id=\"6db3b97\" data-element_type=\"widget\" data-widget_type=\"heading.default\">\n\t\t\t\t<div class=\"elementor-widget-container\">\n\t\t\t<h3 class=\"elementor-heading-title elementor-size-default\"><a href=\"#\">Algoritmizace a programov\u00e1n\u00ed<\/a><\/h3>\t\t<\/div>\n\t\t\t\t<\/div>\n\t\t\t\t<div class=\"elementor-element elementor-element-0d52f79 elementor-widget elementor-widget-text-editor\" data-id=\"0d52f79\" data-element_type=\"widget\" data-widget_type=\"text-editor.default\">\n\t\t\t\t<div class=\"elementor-widget-container\">\n\t\t\t\t\t\t\t<p>Nau\u010dte se programovat z\u00e1bavn\u00fdm a snadn\u00fdm zp\u016fsobem, pomoc\u00ed her \u0159e\u0161te probl\u00e9my a tvo\u0159te vlastn\u00ed hry a animace.<\/p>\t\t\t\t\t\t<\/div>\n\t\t\t\t<\/div>\n\t\t\t\t<div class=\"elementor-element elementor-element-5bbe907 elementor-align-center elementor-widget elementor-widget-button\" data-id=\"5bbe907\" data-element_type=\"widget\" data-widget_type=\"button.default\">\n\t\t\t\t<div class=\"elementor-widget-container\">\n\t\t\t\t\t<div class=\"elementor-button-wrapper\">\n\t\t\t<a class=\"elementor-button elementor-button-link elementor-size-sm\" href=\"https:\/\/interaktivniaplikace.zcu.cz\/index.php\/algoritmizace-a-programovani\/\">\n\t\t\t\t\t\t<span class=\"elementor-button-content-wrapper\">\n\t\t\t\t\t\t<span class=\"elementor-button-text\">Zjistit v\u00edce<\/span>\n\t\t<\/span>\n\t\t\t\t\t<\/a>\n\t\t<\/div>\n\t\t\t\t<\/div>\n\t\t\t\t<\/div>\n\t\t\t\t\t<\/div>\n\t\t<\/div>\n\t\t\t\t<div class=\"elementor-column elementor-col-25 elementor-inner-column elementor-element elementor-element-1ed7faac animated-slow elementor-invisible\" data-id=\"1ed7faac\" data-element_type=\"column\" data-settings=\"{&quot;background_background&quot;:&quot;classic&quot;,&quot;animation&quot;:&quot;fadeInUp&quot;,&quot;animation_delay&quot;:500}\">\n\t\t\t<div class=\"elementor-widget-wrap elementor-element-populated\">\n\t\t\t\t\t\t\t\t<div class=\"elementor-element elementor-element-5558221d elementor-widget elementor-widget-image\" data-id=\"5558221d\" data-element_type=\"widget\" data-widget_type=\"image.default\">\n\t\t\t\t<div class=\"elementor-widget-container\">\n\t\t\t\t\t\t\t\t\t\t\t\t\t\t\t<img decoding=\"async\" width=\"417\" height=\"387\" src=\"https:\/\/interaktivniaplikace.zcu.cz\/wp-content\/uploads\/2024\/06\/Iss.png\" class=\"attachment-full size-full wp-image-81\" alt=\"\" srcset=\"https:\/\/interaktivniaplikace.zcu.cz\/wp-content\/uploads\/2024\/06\/Iss.png 417w, https:\/\/interaktivniaplikace.zcu.cz\/wp-content\/uploads\/2024\/06\/Iss-300x278.png 300w\" sizes=\"(max-width: 417px) 100vw, 417px\" \/>\t\t\t\t\t\t\t\t\t\t\t\t\t\t\t<\/div>\n\t\t\t\t<\/div>\n\t\t\t\t<div class=\"elementor-element elementor-element-2130fdc4 elementor-widget elementor-widget-heading\" data-id=\"2130fdc4\" data-element_type=\"widget\" data-widget_type=\"heading.default\">\n\t\t\t\t<div class=\"elementor-widget-container\">\n\t\t\t<h3 class=\"elementor-heading-title elementor-size-default\"><a href=\"#\">Informa\u010dn\u00ed syst\u00e9my<\/a><\/h3>\t\t<\/div>\n\t\t\t\t<\/div>\n\t\t\t\t<div class=\"elementor-element elementor-element-64e523b8 elementor-widget elementor-widget-text-editor\" data-id=\"64e523b8\" data-element_type=\"widget\" data-widget_type=\"text-editor.default\">\n\t\t\t\t<div class=\"elementor-widget-container\">\n\t\t\t\t\t\t\t<p>Pochopen\u00ed fungov\u00e1n\u00ed syst\u00e9m\u016f od po\u010d\u00edta\u010d\u016f a\u017e po interaktivn\u00ed aplikace pro anal\u00fdzu, strukturovan\u00e1 data a tabulky.<\/p>\t\t\t\t\t\t<\/div>\n\t\t\t\t<\/div>\n\t\t\t\t<div class=\"elementor-element elementor-element-3d50d235 elementor-align-center elementor-widget elementor-widget-button\" data-id=\"3d50d235\" data-element_type=\"widget\" data-widget_type=\"button.default\">\n\t\t\t\t<div class=\"elementor-widget-container\">\n\t\t\t\t\t<div class=\"elementor-button-wrapper\">\n\t\t\t<a class=\"elementor-button elementor-button-link elementor-size-sm\" href=\"https:\/\/interaktivniaplikace.zcu.cz\/index.php\/informacni-systemy\/\">\n\t\t\t\t\t\t<span class=\"elementor-button-content-wrapper\">\n\t\t\t\t\t\t<span class=\"elementor-button-text\">Zjistit v\u00edce<\/span>\n\t\t<\/span>\n\t\t\t\t\t<\/a>\n\t\t<\/div>\n\t\t\t\t<\/div>\n\t\t\t\t<\/div>\n\t\t\t\t\t<\/div>\n\t\t<\/div>\n\t\t\t\t<div class=\"elementor-column elementor-col-25 elementor-inner-column elementor-element elementor-element-1abe0c1d animated-slow elementor-invisible\" data-id=\"1abe0c1d\" data-element_type=\"column\" data-settings=\"{&quot;background_background&quot;:&quot;classic&quot;,&quot;animation&quot;:&quot;fadeInUp&quot;,&quot;animation_delay&quot;:1000}\">\n\t\t\t<div class=\"elementor-widget-wrap elementor-element-populated\">\n\t\t\t\t\t\t\t\t<div class=\"elementor-element elementor-element-7a754598 elementor-widget elementor-widget-image\" data-id=\"7a754598\" data-element_type=\"widget\" data-widget_type=\"image.default\">\n\t\t\t\t<div class=\"elementor-widget-container\">\n\t\t\t\t\t\t\t\t\t\t\t\t\t\t\t<img loading=\"lazy\" decoding=\"async\" width=\"305\" height=\"296\" src=\"https:\/\/interaktivniaplikace.zcu.cz\/wp-content\/uploads\/2024\/06\/dt.png\" class=\"attachment-full size-full wp-image-83\" alt=\"\" srcset=\"https:\/\/interaktivniaplikace.zcu.cz\/wp-content\/uploads\/2024\/06\/dt.png 305w, https:\/\/interaktivniaplikace.zcu.cz\/wp-content\/uploads\/2024\/06\/dt-300x291.png 300w\" sizes=\"(max-width: 305px) 100vw, 305px\" \/>\t\t\t\t\t\t\t\t\t\t\t\t\t\t\t<\/div>\n\t\t\t\t<\/div>\n\t\t\t\t<div class=\"elementor-element elementor-element-757c0592 elementor-widget elementor-widget-heading\" data-id=\"757c0592\" data-element_type=\"widget\" data-widget_type=\"heading.default\">\n\t\t\t\t<div class=\"elementor-widget-container\">\n\t\t\t<h3 class=\"elementor-heading-title elementor-size-default\"><a href=\"#\">Digit\u00e1ln\u00ed technologie<\/a><\/h3>\t\t<\/div>\n\t\t\t\t<\/div>\n\t\t\t\t<div class=\"elementor-element elementor-element-4b314597 elementor-widget elementor-widget-text-editor\" data-id=\"4b314597\" data-element_type=\"widget\" data-widget_type=\"text-editor.default\">\n\t\t\t\t<div class=\"elementor-widget-container\">\n\t\t\t\t\t\t\t<p>Nau\u010dte se pou\u017e\u00edvat digit\u00e1ln\u00ed technologie zodpov\u011bdn\u011b a bezpe\u010dn\u011b v digit\u00e1ln\u00edm sv\u011bt\u011b s interaktivn\u00edmi aplikacemi pro ovl\u00e1d\u00e1n\u00ed za\u0159\u00edzen\u00ed, pr\u00e1ci s daty a po\u010d\u00edta\u010dov\u00fdmi s\u00edt\u011bmi.<\/p>\t\t\t\t\t\t<\/div>\n\t\t\t\t<\/div>\n\t\t\t\t<div class=\"elementor-element elementor-element-1cd4084a elementor-align-center elementor-widget elementor-widget-button\" data-id=\"1cd4084a\" data-element_type=\"widget\" data-widget_type=\"button.default\">\n\t\t\t\t<div class=\"elementor-widget-container\">\n\t\t\t\t\t<div class=\"elementor-button-wrapper\">\n\t\t\t<a class=\"elementor-button elementor-button-link elementor-size-sm\" href=\"https:\/\/interaktivniaplikace.zcu.cz\/index.php\/digitalni-technologie\/\">\n\t\t\t\t\t\t<span class=\"elementor-button-content-wrapper\">\n\t\t\t\t\t\t<span class=\"elementor-button-text\">Zjistit v\u00edce<\/span>\n\t\t<\/span>\n\t\t\t\t\t<\/a>\n\t\t<\/div>\n\t\t\t\t<\/div>\n\t\t\t\t<\/div>\n\t\t\t\t\t<\/div>\n\t\t<\/div>\n\t\t\t\t\t\t\t<\/div>\n\t\t<\/section>\n\t\t\t\t\t<\/div>\n\t\t<\/div>\n\t\t\t\t\t\t\t<\/div>\n\t\t<\/section>\n\t\t\t\t\t\t\t<\/div>\n\t\t","protected":false},"excerpt":{"rendered":"<p>O\u017eivte v\u00fduku informatiky Interaktivn\u00ed aplikace pro modern\u00ed v\u00fduku Na t\u00e9to str\u00e1nce m\u016f\u017eete naj\u00edt \u0161irokou \u0161k\u00e1lu aplikac\u00ed pro v\u0161echny v\u011bkov\u00e9 kategorie a \u00farovn\u011b znalost\u00ed \u017e\u00e1k\u016f. Zaujmou [&hellip;]<\/p>\n","protected":false},"author":2,"featured_media":0,"parent":0,"menu_order":0,"comment_status":"closed","ping_status":"closed","template":"elementor_header_footer","meta":[],"_links":{"self":[{"href":"https:\/\/interaktivniaplikace.zcu.cz\/index.php\/wp-json\/wp\/v2\/pages\/31"}],"collection":[{"href":"https:\/\/interaktivniaplikace.zcu.cz\/index.php\/wp-json\/wp\/v2\/pages"}],"about":[{"href":"https:\/\/interaktivniaplikace.zcu.cz\/index.php\/wp-json\/wp\/v2\/types\/page"}],"author":[{"embeddable":true,"href":"https:\/\/interaktivniaplikace.zcu.cz\/index.php\/wp-json\/wp\/v2\/users\/2"}],"replies":[{"embeddable":true,"href":"https:\/\/interaktivniaplikace.zcu.cz\/index.php\/wp-json\/wp\/v2\/comments?post=31"}],"version-history":[{"count":32,"href":"https:\/\/interaktivniaplikace.zcu.cz\/index.php\/wp-json\/wp\/v2\/pages\/31\/revisions"}],"predecessor-version":[{"id":617,"href":"https:\/\/interaktivniaplikace.zcu.cz\/index.php\/wp-json\/wp\/v2\/pages\/31\/revisions\/617"}],"wp:attachment":[{"href":"https:\/\/interaktivniaplikace.zcu.cz\/index.php\/wp-json\/wp\/v2\/media?parent=31"}],"curies":[{"name":"wp","href":"https:\/\/api.w.org\/{rel}","templated":true}]}}