{"id":473,"date":"2024-06-15T01:00:35","date_gmt":"2024-06-15T01:00:35","guid":{"rendered":"https:\/\/interaktivniaplikace.zcu.cz\/?page_id=473"},"modified":"2024-06-19T05:39:44","modified_gmt":"2024-06-19T05:39:44","slug":"wordwall","status":"publish","type":"page","link":"https:\/\/interaktivniaplikace.zcu.cz\/index.php\/informacni-systemy\/wordwall\/","title":{"rendered":"Wordwall"},"content":{"rendered":"\t\t<div data-elementor-type=\"wp-page\" data-elementor-id=\"473\" class=\"elementor elementor-473\">\n\t\t\t\t\t\t\t<div class=\"elementor-element elementor-element-4a2c6c2 e-flex e-con-boxed e-con e-parent\" data-id=\"4a2c6c2\" data-element_type=\"container\" data-settings=\"{&quot;content_width&quot;:&quot;boxed&quot;}\" data-core-v316-plus=\"true\">\n\t\t\t\t\t<div class=\"e-con-inner\">\n\t\t\t\t<div class=\"elementor-element elementor-element-cf4ee33 elementor-widget elementor-widget-text-editor\" data-id=\"cf4ee33\" data-element_type=\"widget\" data-widget_type=\"text-editor.default\">\n\t\t\t\t<div class=\"elementor-widget-container\">\n\t\t\t<style>\/*! elementor - v3.18.0 - 20-12-2023 *\/\n.elementor-widget-text-editor.elementor-drop-cap-view-stacked .elementor-drop-cap{background-color:#69727d;color:#fff}.elementor-widget-text-editor.elementor-drop-cap-view-framed .elementor-drop-cap{color:#69727d;border:3px solid;background-color:transparent}.elementor-widget-text-editor:not(.elementor-drop-cap-view-default) .elementor-drop-cap{margin-top:8px}.elementor-widget-text-editor:not(.elementor-drop-cap-view-default) .elementor-drop-cap-letter{width:1em;height:1em}.elementor-widget-text-editor .elementor-drop-cap{float:left;text-align:center;line-height:1;font-size:50px}.elementor-widget-text-editor .elementor-drop-cap-letter{display:inline-block}<\/style>\t\t\t\t<p><strong>Wordwall<\/strong> je interaktivn\u00ed vzd\u011bl\u00e1vac\u00ed aplikace ur\u010den\u00e1 pro vytv\u00e1\u0159en\u00ed kv\u00edz\u016f, her, test\u016f, cvi\u010den\u00ed a dal\u0161\u00edch vzd\u011bl\u00e1vac\u00edch aktivit. \u017d\u00e1k\u016fm umo\u017e\u0148uje jednodu\u0161e a rychle vytv\u00e1\u0159et vlastn\u00ed u\u010debn\u00ed materi\u00e1ly, testy a cvi\u010den\u00ed, kter\u00e9 jim pom\u016f\u017eou se zapamatov\u00e1n\u00edm dan\u00e9ho t\u00e9matu. T\u00e9mata si \u017e\u00e1ci m\u016f\u017eou mezi sebou navz\u00e1jem m\u016f\u017eou sd\u00edlet jednoduch\u00fdm odkazem.<\/p><p><strong>Kl\u00ed\u010dov\u00e9 vlastnosti:<\/strong><\/p><ul><li><strong>\u0160ablony:<\/strong> Aplikace poskytuje \u0159adu p\u0159edp\u0159ipraven\u00fdch \u0161ablon, kter\u00e9 urychluj\u00ed a usnad\u0148uj\u00ed tvorbu nov\u00fdch aktivit.<\/li><li><strong>Re\u017eim hry:<\/strong> Aktivity mohou b\u00fdt nastaveny do hern\u00edho re\u017eimu, co\u017e \u017e\u00e1k\u016fm p\u0159id\u00e1v\u00e1 sout\u011b\u017en\u00ed prvek a zvy\u0161uje jejich zapojen\u00ed a aktivitu.<\/li><li><strong>Integrace:<\/strong> Mo\u017enost integrovat aktivity s\u00a0jin\u00fdmi vzd\u011bl\u00e1vac\u00edmi n\u00e1stroji a platformami, jako je Google classroom, Microsoft Team a dal\u0161\u00ed.<\/li><\/ul><p><strong>Doporu\u010den\u00fd ro\u010dn\u00edk:<\/strong> 5. a\u017e 9. ro\u010dn\u00edk<\/p><p><strong>Platforma:<\/strong> webov\u00fd prohl\u00ed\u017ee\u010d, mobiln\u00ed aplikace pro Android a iOS<\/p><p><strong>Podporovan\u00fd jazyk:<\/strong> \u010de\u0161tina, sloven\u0161tina, angli\u010dtina, n\u011bm\u010dina<\/p><p>Aplikace m\u00e1 bezplatnou zku\u0161ebn\u00ed verzi. Pro vyu\u017eit\u00ed ve\u0161ker\u00fdch funkc\u00ed je pot\u0159eba vybrat jeden z\u00a0placen\u00fdch m\u011bs\u00ed\u010dn\u00edch pl\u00e1n\u016f.<\/p>\t\t\t\t\t\t<\/div>\n\t\t\t\t<\/div>\n\t\t\t\t<div class=\"elementor-element elementor-element-2887775 elementor-widget elementor-widget-image\" data-id=\"2887775\" data-element_type=\"widget\" data-widget_type=\"image.default\">\n\t\t\t\t<div class=\"elementor-widget-container\">\n\t\t\t<style>\/*! elementor - v3.18.0 - 20-12-2023 *\/\n.elementor-widget-image{text-align:center}.elementor-widget-image a{display:inline-block}.elementor-widget-image a img[src$=\".svg\"]{width:48px}.elementor-widget-image img{vertical-align:middle;display:inline-block}<\/style>\t\t\t\t\t\t\t\t\t\t\t\t<img fetchpriority=\"high\" decoding=\"async\" width=\"1536\" height=\"780\" src=\"https:\/\/interaktivniaplikace.zcu.cz\/wp-content\/uploads\/2024\/06\/Wordwall-1536x780.png\" class=\"attachment-1536x1536 size-1536x1536 wp-image-483\" alt=\"\" srcset=\"https:\/\/interaktivniaplikace.zcu.cz\/wp-content\/uploads\/2024\/06\/Wordwall-1536x780.png 1536w, https:\/\/interaktivniaplikace.zcu.cz\/wp-content\/uploads\/2024\/06\/Wordwall-300x152.png 300w, https:\/\/interaktivniaplikace.zcu.cz\/wp-content\/uploads\/2024\/06\/Wordwall-1024x520.png 1024w, https:\/\/interaktivniaplikace.zcu.cz\/wp-content\/uploads\/2024\/06\/Wordwall-768x390.png 768w, https:\/\/interaktivniaplikace.zcu.cz\/wp-content\/uploads\/2024\/06\/Wordwall.png 1919w\" sizes=\"(max-width: 1536px) 100vw, 1536px\" \/>\t\t\t\t\t\t\t\t\t\t\t\t\t\t\t<\/div>\n\t\t\t\t<\/div>\n\t\t\t\t<div class=\"elementor-element elementor-element-846a50c elementor-align-center elementor-widget elementor-widget-button\" data-id=\"846a50c\" data-element_type=\"widget\" data-widget_type=\"button.default\">\n\t\t\t\t<div class=\"elementor-widget-container\">\n\t\t\t\t\t<div class=\"elementor-button-wrapper\">\n\t\t\t<a class=\"elementor-button elementor-button-link elementor-size-lg\" href=\"https:\/\/wordwall.net\/cs\">\n\t\t\t\t\t\t<span class=\"elementor-button-content-wrapper\">\n\t\t\t\t\t\t<span class=\"elementor-button-text\">P\u0159ej\u00edt na web<\/span>\n\t\t<\/span>\n\t\t\t\t\t<\/a>\n\t\t<\/div>\n\t\t\t\t<\/div>\n\t\t\t\t<\/div>\n\t\t\t\t<div class=\"elementor-element elementor-element-e193049 elementor-widget elementor-widget-spacer\" data-id=\"e193049\" data-element_type=\"widget\" data-widget_type=\"spacer.default\">\n\t\t\t\t<div class=\"elementor-widget-container\">\n\t\t\t<style>\/*! elementor - v3.18.0 - 20-12-2023 *\/\n.elementor-column .elementor-spacer-inner{height:var(--spacer-size)}.e-con{--container-widget-width:100%}.e-con-inner>.elementor-widget-spacer,.e-con>.elementor-widget-spacer{width:var(--container-widget-width,var(--spacer-size));--align-self:var(--container-widget-align-self,initial);--flex-shrink:0}.e-con-inner>.elementor-widget-spacer>.elementor-widget-container,.e-con>.elementor-widget-spacer>.elementor-widget-container{height:100%;width:100%}.e-con-inner>.elementor-widget-spacer>.elementor-widget-container>.elementor-spacer,.e-con>.elementor-widget-spacer>.elementor-widget-container>.elementor-spacer{height:100%}.e-con-inner>.elementor-widget-spacer>.elementor-widget-container>.elementor-spacer>.elementor-spacer-inner,.e-con>.elementor-widget-spacer>.elementor-widget-container>.elementor-spacer>.elementor-spacer-inner{height:var(--container-widget-height,var(--spacer-size))}.e-con-inner>.elementor-widget-spacer.elementor-widget-empty,.e-con>.elementor-widget-spacer.elementor-widget-empty{position:relative;min-height:22px;min-width:22px}.e-con-inner>.elementor-widget-spacer.elementor-widget-empty .elementor-widget-empty-icon,.e-con>.elementor-widget-spacer.elementor-widget-empty .elementor-widget-empty-icon{position:absolute;top:0;bottom:0;left:0;right:0;margin:auto;padding:0;width:22px;height:22px}<\/style>\t\t<div class=\"elementor-spacer\">\n\t\t\t<div class=\"elementor-spacer-inner\"><\/div>\n\t\t<\/div>\n\t\t\t\t<\/div>\n\t\t\t\t<\/div>\n\t\t\t\t<div class=\"elementor-element elementor-element-46f6a24 elementor-widget elementor-widget-heading\" data-id=\"46f6a24\" data-element_type=\"widget\" data-widget_type=\"heading.default\">\n\t\t\t\t<div class=\"elementor-widget-container\">\n\t\t\t<style>\/*! elementor - v3.18.0 - 20-12-2023 *\/\n.elementor-heading-title{padding:0;margin:0;line-height:1}.elementor-widget-heading .elementor-heading-title[class*=elementor-size-]>a{color:inherit;font-size:inherit;line-height:inherit}.elementor-widget-heading .elementor-heading-title.elementor-size-small{font-size:15px}.elementor-widget-heading .elementor-heading-title.elementor-size-medium{font-size:19px}.elementor-widget-heading .elementor-heading-title.elementor-size-large{font-size:29px}.elementor-widget-heading .elementor-heading-title.elementor-size-xl{font-size:39px}.elementor-widget-heading .elementor-heading-title.elementor-size-xxl{font-size:59px}<\/style><h2 class=\"elementor-heading-title elementor-size-xl\">Vyu\u010dovac\u00ed hodina<\/h2>\t\t<\/div>\n\t\t\t\t<\/div>\n\t\t\t\t<div class=\"elementor-element elementor-element-0f080f5 elementor-widget elementor-widget-text-editor\" data-id=\"0f080f5\" data-element_type=\"widget\" data-widget_type=\"text-editor.default\">\n\t\t\t\t<div class=\"elementor-widget-container\">\n\t\t\t\t\t\t\t<p><b>Ro\u010dn\u00edk: <\/b>6. t\u0159\u00edda<\/p><p><strong>T\u00e9ma:<\/strong> Kv\u00edzy, hry, testy, cvi\u010den\u00ed<\/p>\n<p><strong>\u00dakol:<\/strong> Ve skupince vytvo\u0159te, alespo\u0148 2 aktivity pro sv\u00e9 spolu\u017e\u00e1ky. Vytvo\u0159en\u00e9 aktivity si projdeme s&nbsp;celou t\u0159\u00eddou.<\/p>\n<p><strong>\u017d\u00e1k se nau\u010d\u00ed: <\/strong>rozv\u00edjen\u00ed kreativity, spolupr\u00e1ci a sd\u00edlen\u00ed informac\u00ed, rozv\u00edjen\u00ed kritick\u00e9ho my\u0161len\u00ed, zlep\u0161en\u00ed pam\u011bti<\/p>\t\t\t\t\t\t<\/div>\n\t\t\t\t<\/div>\n\t\t\t\t<div class=\"elementor-element elementor-element-79850c6 elementor-widget elementor-widget-video\" data-id=\"79850c6\" data-element_type=\"widget\" data-settings=\"{&quot;youtube_url&quot;:&quot;https:\\\/\\\/youtu.be\\\/rTMeDxrINBs&quot;,&quot;video_type&quot;:&quot;youtube&quot;,&quot;controls&quot;:&quot;yes&quot;}\" data-widget_type=\"video.default\">\n\t\t\t\t<div class=\"elementor-widget-container\">\n\t\t\t<style>\/*! elementor - v3.18.0 - 20-12-2023 *\/\n.elementor-widget-video .elementor-widget-container{overflow:hidden;transform:translateZ(0)}.elementor-widget-video .elementor-wrapper{aspect-ratio:var(--video-aspect-ratio)}.elementor-widget-video .elementor-wrapper iframe,.elementor-widget-video .elementor-wrapper video{height:100%;width:100%;display:flex;border:none;background-color:#000}@supports not (aspect-ratio:1\/1){.elementor-widget-video .elementor-wrapper{position:relative;overflow:hidden;height:0;padding-bottom:calc(100% \/ var(--video-aspect-ratio))}.elementor-widget-video .elementor-wrapper iframe,.elementor-widget-video .elementor-wrapper video{position:absolute;top:0;right:0;bottom:0;left:0}}.elementor-widget-video .elementor-open-inline .elementor-custom-embed-image-overlay{position:absolute;top:0;right:0;bottom:0;left:0;background-size:cover;background-position:50%}.elementor-widget-video .elementor-custom-embed-image-overlay{cursor:pointer;text-align:center}.elementor-widget-video .elementor-custom-embed-image-overlay:hover .elementor-custom-embed-play i{opacity:1}.elementor-widget-video .elementor-custom-embed-image-overlay img{display:block;width:100%;aspect-ratio:var(--video-aspect-ratio);-o-object-fit:cover;object-fit:cover;-o-object-position:center center;object-position:center center}@supports not (aspect-ratio:1\/1){.elementor-widget-video .elementor-custom-embed-image-overlay{position:relative;overflow:hidden;height:0;padding-bottom:calc(100% \/ var(--video-aspect-ratio))}.elementor-widget-video .elementor-custom-embed-image-overlay img{position:absolute;top:0;right:0;bottom:0;left:0}}.elementor-widget-video .e-hosted-video .elementor-video{-o-object-fit:cover;object-fit:cover}.e-con-inner>.elementor-widget-video,.e-con>.elementor-widget-video{width:var(--container-widget-width);--flex-grow:var(--container-widget-flex-grow)}<\/style>\t\t<div class=\"elementor-wrapper elementor-open-inline\">\n\t\t\t<div class=\"elementor-video\"><\/div>\t\t<\/div>\n\t\t\t\t<\/div>\n\t\t\t\t<\/div>\n\t\t\t\t\t<\/div>\n\t\t\t\t<\/div>\n\t\t\t\t\t\t\t<\/div>\n\t\t","protected":false},"excerpt":{"rendered":"<p>Wordwall je interaktivn\u00ed vzd\u011bl\u00e1vac\u00ed aplikace ur\u010den\u00e1 pro vytv\u00e1\u0159en\u00ed kv\u00edz\u016f, her, test\u016f, cvi\u010den\u00ed a dal\u0161\u00edch vzd\u011bl\u00e1vac\u00edch aktivit. \u017d\u00e1k\u016fm umo\u017e\u0148uje jednodu\u0161e a rychle vytv\u00e1\u0159et vlastn\u00ed u\u010debn\u00ed materi\u00e1ly, [&hellip;]<\/p>\n","protected":false},"author":2,"featured_media":0,"parent":110,"menu_order":0,"comment_status":"closed","ping_status":"closed","template":"","meta":[],"_links":{"self":[{"href":"https:\/\/interaktivniaplikace.zcu.cz\/index.php\/wp-json\/wp\/v2\/pages\/473"}],"collection":[{"href":"https:\/\/interaktivniaplikace.zcu.cz\/index.php\/wp-json\/wp\/v2\/pages"}],"about":[{"href":"https:\/\/interaktivniaplikace.zcu.cz\/index.php\/wp-json\/wp\/v2\/types\/page"}],"author":[{"embeddable":true,"href":"https:\/\/interaktivniaplikace.zcu.cz\/index.php\/wp-json\/wp\/v2\/users\/2"}],"replies":[{"embeddable":true,"href":"https:\/\/interaktivniaplikace.zcu.cz\/index.php\/wp-json\/wp\/v2\/comments?post=473"}],"version-history":[{"count":13,"href":"https:\/\/interaktivniaplikace.zcu.cz\/index.php\/wp-json\/wp\/v2\/pages\/473\/revisions"}],"predecessor-version":[{"id":622,"href":"https:\/\/interaktivniaplikace.zcu.cz\/index.php\/wp-json\/wp\/v2\/pages\/473\/revisions\/622"}],"up":[{"embeddable":true,"href":"https:\/\/interaktivniaplikace.zcu.cz\/index.php\/wp-json\/wp\/v2\/pages\/110"}],"wp:attachment":[{"href":"https:\/\/interaktivniaplikace.zcu.cz\/index.php\/wp-json\/wp\/v2\/media?parent=473"}],"curies":[{"name":"wp","href":"https:\/\/api.w.org\/{rel}","templated":true}]}}